{"id":49,"date":"2021-02-21T12:05:32","date_gmt":"2021-02-21T12:05:32","guid":{"rendered":"https:\/\/turvaluoto.fi\/wordpress\/?page_id=49"},"modified":"2024-11-17T17:03:35","modified_gmt":"2024-11-17T17:03:35","slug":"etusivu","status":"publish","type":"page","link":"https:\/\/turvaluoto.fi\/","title":{"rendered":"Etusivu"},"content":{"rendered":"<h1>Turvaluoto<\/h1>\n<p>Turvaluoto on lapsille, nuorille sek\u00e4 nuorille aikuisille suunnattu palveluyritys, joka tarjoaa ammattilaisen apua kasvun ja kehityksen eri tarpeisiin. Palvelua voidaan tuottaa sosiaalialan avopalveluiden, sosiaalihuollon ja lastensuojelun asiakkaille sek\u00e4 my\u00f6s yksityishenkil\u00f6ille.<\/p>\n<p>Ammatillinen tukihenkil\u00f6 osaa auttaa asiakasta h\u00e4nen eri kehityksens\u00e4 vaiheissa ja olla vanhempien tukena kasvunkehityksess\u00e4. Tuki on monimuotoista l\u00e4hitukea r\u00e4\u00e4t\u00e4l\u00f6ityn\u00e4 asiakkaan tarpeiden mukaisesti. Palvelua tuotetaan my\u00f6s erilaisten aktiviteettien kautta.<\/p>\n<p>Osaamisalueisiin kuuluu my\u00f6s perhety\u00f6, nuoren j\u00e4lkihuoltoty\u00f6, lapsen ja vanhemman valvotut tapaamiset, lastensuojelun konsultaatio ja alan koulutus.<\/p>\n<p>Palveluihin kuuluu my\u00f6s Kelan tukema Nuotti-valmennus 16\u201329-vuotiaille henkil\u00f6ille. Lis\u00e4tietoa kysym\u00e4ll\u00e4 puhelimitse tai s\u00e4hk\u00f6postitse.<\/p>\n<h1>Tietoa minusta<\/h1>\n<p>Olen Sami Raitaluoto, koulutukseltani l\u00e4hihoitaja, sosionomi (AMK). Olen tehnyt lastensuojeluty\u00f6t\u00e4 vuodesta 2000 alkaen eri toimipisteiss\u00e4. Viimeiset 10 vuotta ennen Turvaluodon perustamista olen ty\u00f6skennellyt ammatillisena tukihenkil\u00f6n\u00e4 Rauman kaupungilla, jonka ty\u00f6mallin loin itse.<\/p>\n<p>Ammatillisena tukihenkil\u00f6n\u00e4 haluan olla asiakkaalle turvallinen aikuinen, joka auttaa yli el\u00e4m\u00e4n karikoiden.<\/p>\n<p>Tukihenkil\u00f6n\u00e4 olen sitoutuva, joustava, l\u00e4sn\u00e4oleva, jaksava, auttava, suojeleva sek\u00e4 tavoitettava.<\/p>\n<h1>Ota yhteytt\u00e4<\/h1>\n<p>Turvaluoto Oy<br \/>\nY-tunnus: 3316678-7<br \/>\np. 045-321 0070<br \/>\nsami.raitaluoto@turvaluoto.fi<\/p>\n<div class=\"wpforms-container wpforms-container-full\" id=\"wpforms-109\"><form id=\"wpforms-form-109\" class=\"wpforms-validate wpforms-form\" data-formid=\"109\" method=\"post\" enctype=\"multipart\/form-data\" action=\"\/index.php\/wp-json\/wp\/v2\/pages\/49\" data-token=\"8655374480e517e4eff958dfbe05e79c\"><noscript class=\"wpforms-error-noscript\">Please enable JavaScript in your browser to complete this form.<\/noscript><div class=\"wpforms-field-container\"><div id=\"wpforms-109-field_0-container\" class=\"wpforms-field wpforms-field-name\" data-field-id=\"0\"><label class=\"wpforms-field-label\" for=\"wpforms-109-field_0\">Nimi <span class=\"wpforms-required-label\">*<\/span><\/label><input type=\"text\" id=\"wpforms-109-field_0\" class=\"wpforms-field-medium wpforms-field-required\" name=\"wpforms[fields][0]\" required><\/div><div id=\"wpforms-109-field_1-container\" class=\"wpforms-field wpforms-field-email\" data-field-id=\"1\"><label class=\"wpforms-field-label\" for=\"wpforms-109-field_1\">S\u00e4hk\u00f6posti <span class=\"wpforms-required-label\">*<\/span><\/label><input type=\"email\" id=\"wpforms-109-field_1\" class=\"wpforms-field-medium wpforms-field-required\" name=\"wpforms[fields][1]\" required><\/div><div id=\"wpforms-109-field_2-container\" class=\"wpforms-field wpforms-field-textarea\" data-field-id=\"2\"><label class=\"wpforms-field-label\" for=\"wpforms-109-field_2\">Viesti <span class=\"wpforms-required-label\">*<\/span><\/label><textarea id=\"wpforms-109-field_2\" class=\"wpforms-field-medium wpforms-field-required\" name=\"wpforms[fields][2]\" required><\/textarea><\/div><\/div><div class=\"wpforms-recaptcha-container wpforms-is-recaptcha\"><div class=\"g-recaptcha\" data-sitekey=\"6Le08asjAAAAABCHAH71GiDaD1Ko7OwF00Aa6dlD\" data-size=\"invisible\"><\/div><\/div><div class=\"wpforms-submit-container\"><input type=\"hidden\" name=\"wpforms[id]\" value=\"109\"><input type=\"hidden\" name=\"wpforms[author]\" value=\"1\"><button type=\"submit\" name=\"wpforms[submit]\" id=\"wpforms-submit-109\" class=\"wpforms-submit\" data-alt-text=\"L\u00e4hetet\u00e4\u00e4n...\" data-submit-text=\"L\u00e4het\u00e4\" aria-live=\"assertive\" value=\"wpforms-submit\">L\u00e4het\u00e4<\/button><\/div><\/form><\/div>  <!-- .wpforms-container -->\n","protected":false},"excerpt":{"rendered":"<p>Turvaluoto Turvaluoto on lapsille, nuorille sek\u00e4 nuorille aikuisille suunnattu palveluyritys, joka tarjoaa ammattilaisen apua kasvun ja kehityksen eri tarpeisiin. Palvelua voidaan tuottaa sosiaalialan avopalveluiden, sosiaalihuollon ja lastensuojelun asiakkaille sek\u00e4 my\u00f6s yksityishenkil\u00f6ille. Ammatillinen tukihenkil\u00f6 osaa auttaa asiakasta h\u00e4nen eri kehityksens\u00e4 vaiheissa ja olla vanhempien tukena kasvunkehityksess\u00e4. Tuki on monimuotoista l\u00e4hitukea r\u00e4\u00e4t\u00e4l\u00f6ityn\u00e4 asiakkaan tarpeiden mukaisesti. Palvelua tuotetaan&hellip;&nbsp;<a href=\"https:\/\/turvaluoto.fi\/\" class=\"\" rel=\"bookmark\">Lue lis\u00e4\u00e4 &raquo;<span class=\"screen-reader-text\">Etusivu<\/span><\/a><\/p>\n","protected":false},"author":1,"featured_media":0,"parent":0,"menu_order":0,"comment_status":"closed","ping_status":"closed","template":"elementor_header_footer","meta":{"neve_meta_sidebar":"","neve_meta_container":"","neve_meta_enable_content_width":"","neve_meta_content_width":0,"neve_meta_title_alignment":"","neve_meta_author_avatar":"","neve_post_elements_order":"","neve_meta_disable_header":"","neve_meta_disable_footer":"","neve_meta_disable_title":"","footnotes":""},"class_list":["post-49","page","type-page","status-publish","hentry"],"_links":{"self":[{"href":"https:\/\/turvaluoto.fi\/index.php\/wp-json\/wp\/v2\/pages\/49","targetHints":{"allow":["GET"]}}],"collection":[{"href":"https:\/\/turvaluoto.fi\/index.php\/wp-json\/wp\/v2\/pages"}],"about":[{"href":"https:\/\/turvaluoto.fi\/index.php\/wp-json\/wp\/v2\/types\/page"}],"author":[{"embeddable":true,"href":"https:\/\/turvaluoto.fi\/index.php\/wp-json\/wp\/v2\/users\/1"}],"replies":[{"embeddable":true,"href":"https:\/\/turvaluoto.fi\/index.php\/wp-json\/wp\/v2\/comments?post=49"}],"version-history":[{"count":176,"href":"https:\/\/turvaluoto.fi\/index.php\/wp-json\/wp\/v2\/pages\/49\/revisions"}],"predecessor-version":[{"id":305,"href":"https:\/\/turvaluoto.fi\/index.php\/wp-json\/wp\/v2\/pages\/49\/revisions\/305"}],"wp:attachment":[{"href":"https:\/\/turvaluoto.fi\/index.php\/wp-json\/wp\/v2\/media?parent=49"}],"curies":[{"name":"wp","href":"https:\/\/api.w.org\/{rel}","templated":true}]}}